{"id":474,"date":"2022-03-08T19:17:41","date_gmt":"2022-03-08T18:17:41","guid":{"rendered":"https:\/\/www.audeux.eu\/?page_id=474"},"modified":"2022-03-08T19:20:22","modified_gmt":"2022-03-08T18:20:22","slug":"sybert-traitement-des-dechets","status":"publish","type":"page","link":"https:\/\/www.audeux.eu\/index.php\/sybert-traitement-des-dechets\/","title":{"rendered":"Sybert &#8211; traitement des d\u00e9chets"},"content":{"rendered":"\n<div class=\"wp-block-image\"><figure class=\"aligncenter is-resized\"><img loading=\"lazy\" src=\"https:\/\/www.macommune.info\/wp-content\/uploads\/2019\/06\/logo-sybert.png\" alt=\"Besan\u00e7on : le Sybert a f\u00eat\u00e9 ses 20 ans ! \u2022 macommune.info\" width=\"193\" height=\"184\"\/><\/figure><\/div>\n\n\n<ul class=\"wp-block-latest-posts__list wp-block-latest-posts\"><li><a href=\"https:\/\/www.audeux.eu\/index.php\/2024\/12\/30\/calendrier-collecte-dechets-2024-2\/\">Calendrier collecte d\u00e9chets 2025<\/a><\/li>\n<li><a href=\"https:\/\/www.audeux.eu\/index.php\/2024\/12\/30\/calendrier-collecte-dechets-2024\/\">Calendrier collecte d\u00e9chets 2024<\/a><\/li>\n<li><a href=\"https:\/\/www.audeux.eu\/index.php\/2023\/10\/28\/le-compostage-un-geste-citoyen\/\">Le compostage, un geste citoyen<\/a><\/li>\n<li><a href=\"https:\/\/www.audeux.eu\/index.php\/2023\/01\/03\/calendrier-collecte-dechets-2023\/\">Calendrier collecte d\u00e9chets 2023<\/a><\/li>\n<li><a href=\"https:\/\/www.audeux.eu\/index.php\/2022\/03\/08\/calendrier-collecte-dechets-2022\/\">Calendrier collecte d\u00e9chets 2022<\/a><\/li>\n<li><a href=\"https:\/\/www.audeux.eu\/index.php\/2022\/03\/07\/compte-rendu-sybert-2021\/\">Compte-rendu Sybert 2021<\/a><\/li>\n<\/ul>","protected":false},"excerpt":{"rendered":"","protected":false},"author":1,"featured_media":0,"parent":0,"menu_order":0,"comment_status":"closed","ping_status":"closed","template":"","meta":[],"folder":[],"_links":{"self":[{"href":"https:\/\/www.audeux.eu\/index.php\/wp-json\/wp\/v2\/pages\/474"}],"collection":[{"href":"https:\/\/www.audeux.eu\/index.php\/wp-json\/wp\/v2\/pages"}],"about":[{"href":"https:\/\/www.audeux.eu\/index.php\/wp-json\/wp\/v2\/types\/page"}],"author":[{"embeddable":true,"href":"https:\/\/www.audeux.eu\/index.php\/wp-json\/wp\/v2\/users\/1"}],"replies":[{"embeddable":true,"href":"https:\/\/www.audeux.eu\/index.php\/wp-json\/wp\/v2\/comments?post=474"}],"version-history":[{"count":2,"href":"https:\/\/www.audeux.eu\/index.php\/wp-json\/wp\/v2\/pages\/474\/revisions"}],"predecessor-version":[{"id":479,"href":"https:\/\/www.audeux.eu\/index.php\/wp-json\/wp\/v2\/pages\/474\/revisions\/479"}],"wp:attachment":[{"href":"https:\/\/www.audeux.eu\/index.php\/wp-json\/wp\/v2\/media?parent=474"}],"wp:term":[{"taxonomy":"folder","embeddable":true,"href":"https:\/\/www.audeux.eu\/index.php\/wp-json\/wp\/v2\/folder?post=474"}],"curies":[{"name":"wp","href":"https:\/\/api.w.org\/{rel}","templated":true}]}}