{"id":603,"date":"2022-07-24T11:35:57","date_gmt":"2022-07-24T09:35:57","guid":{"rendered":"https:\/\/www.audeux.eu\/?page_id=603"},"modified":"2022-07-24T11:37:44","modified_gmt":"2022-07-24T09:37:44","slug":"parking-relais","status":"publish","type":"page","link":"https:\/\/www.audeux.eu\/index.php\/parking-relais\/","title":{"rendered":"Parking Relais"},"content":{"rendered":"\n<div class=\"wp-block-image\"><figure class=\"aligncenter\"><img src=\"https:\/\/www.ginko.voyage\/fileadmin\/user_upload\/69934045_10157164848596928_2866168797746692096_o.jpg\" alt=\"Parkings Relais - Ginko\"\/><\/figure><\/div>\n\n\n\n<p><strong>Parkings Relais&nbsp;: stationnez votre voiture et rejoignez rapidement votre destination en bus ou en tram, sans soucis de parking ni d\u2019embouteillage<\/strong><\/p>\n\n\n\n<h2>Parkings Relais&nbsp;: comment \u00e7a marche&nbsp;?<\/h2>\n\n\n\n<ol type=\"1\"><li>J&rsquo;entre dans le Parking Relais de mon choix ; la barri\u00e8re s&rsquo;ouvre automatiquement ; je me gare<\/li><li>Je rejoins ma destination en bus et\/ou en tram, en validant mon PASS Abonnement ou un PASS Voyages<\/li><li>Pour sortir du P+R, je me rends directement \u00e0 la sortie et pr\u00e9sente ma carte Ginko Mobilit\u00e9s ou ma carte Voyages, que j&rsquo;ai valid\u00e9e durant la journ\u00e9e : la barri\u00e8re s&rsquo;ouvre.<\/li><\/ol>\n\n\n\n<p>Entr\u00e9es et sorties 24h\/24, 7j\/7.<\/p>\n\n\n\n<h2>O\u00f9 se situent les Parkings Relais Ginko&nbsp;?<\/h2>\n\n\n\n<ul><li>P+R Hauts du Chazal<\/li><li>P+R Micropolis<\/li><li>P+R Ile de France<\/li><li>P+R Temis<\/li><li>P+R Fort Beno\u00eet<\/li><li>P+R Vesoul<\/li><\/ul>\n\n\n\n<h1>POUR PLUS D\u2019INFOS\u2026<\/h1>\n\n\n\n<ul><li>Infos d\u00e9taill\u00e9es et plan de situation des Parkings Relais sur <a href=\"https:\/\/www.ginko.voyage\/se-deplacer\/voiture-parkings\/parkings-relais\/\">https:\/\/www.ginko.voyage\/se-deplacer\/voiture-parkings\/parkings-relais\/<\/a><\/li><\/ul>\n","protected":false},"excerpt":{"rendered":"<p>Parkings Relais&nbsp;: stationnez votre voiture et rejoignez rapidement votre destination en bus ou en tram, sans soucis de parking ni d\u2019embouteillage Parkings Relais&nbsp;: comment \u00e7a marche&nbsp;? J&rsquo;entre dans le Parking Relais de mon choix ; la barri\u00e8re s&rsquo;ouvre automatiquement ; je me gare Je rejoins ma destination en bus et\/ou en tram, en validant mon &hellip; <\/p>\n<p class=\"link-more\"><a href=\"https:\/\/www.audeux.eu\/index.php\/parking-relais\/\" class=\"more-link\">Continuer la lecture<span class=\"screen-reader-text\"> de &laquo;&nbsp;Parking Relais&nbsp;&raquo;<\/span><\/a><\/p>\n","protected":false},"author":4,"featured_media":0,"parent":0,"menu_order":0,"comment_status":"closed","ping_status":"closed","template":"","meta":[],"folder":[],"_links":{"self":[{"href":"https:\/\/www.audeux.eu\/index.php\/wp-json\/wp\/v2\/pages\/603"}],"collection":[{"href":"https:\/\/www.audeux.eu\/index.php\/wp-json\/wp\/v2\/pages"}],"about":[{"href":"https:\/\/www.audeux.eu\/index.php\/wp-json\/wp\/v2\/types\/page"}],"author":[{"embeddable":true,"href":"https:\/\/www.audeux.eu\/index.php\/wp-json\/wp\/v2\/users\/4"}],"replies":[{"embeddable":true,"href":"https:\/\/www.audeux.eu\/index.php\/wp-json\/wp\/v2\/comments?post=603"}],"version-history":[{"count":3,"href":"https:\/\/www.audeux.eu\/index.php\/wp-json\/wp\/v2\/pages\/603\/revisions"}],"predecessor-version":[{"id":607,"href":"https:\/\/www.audeux.eu\/index.php\/wp-json\/wp\/v2\/pages\/603\/revisions\/607"}],"wp:attachment":[{"href":"https:\/\/www.audeux.eu\/index.php\/wp-json\/wp\/v2\/media?parent=603"}],"wp:term":[{"taxonomy":"folder","embeddable":true,"href":"https:\/\/www.audeux.eu\/index.php\/wp-json\/wp\/v2\/folder?post=603"}],"curies":[{"name":"wp","href":"https:\/\/api.w.org\/{rel}","templated":true}]}}