{"id":615,"date":"2022-08-16T11:44:34","date_gmt":"2022-08-16T09:44:34","guid":{"rendered":"https:\/\/www.audeux.eu\/?page_id=615"},"modified":"2024-11-07T07:59:38","modified_gmt":"2024-11-07T06:59:38","slug":"associations","status":"publish","type":"page","link":"https:\/\/www.audeux.eu\/index.php\/associations\/","title":{"rendered":"Associations"},"content":{"rendered":"\n<p>Liste des associations de la commune d&rsquo;Audeux <\/p>\n\n\n\n<div class=\"wp-block-media-text alignwide is-stacked-on-mobile\" style=\"grid-template-columns:28% auto\"><figure class=\"wp-block-media-text__media\"><img loading=\"lazy\" width=\"148\" height=\"148\" src=\"https:\/\/www.audeux.eu\/wp-content\/uploads\/2022\/08\/3village.jpg\" alt=\"\" class=\"wp-image-628 size-full\" srcset=\"https:\/\/www.audeux.eu\/wp-content\/uploads\/2022\/08\/3village.jpg 148w, https:\/\/www.audeux.eu\/wp-content\/uploads\/2022\/08\/3village-100x100.jpg 100w\" sizes=\"(max-width: 148px) 100vw, 148px\" \/><\/figure><div class=\"wp-block-media-text__content\">\n<p>APE les trois villages<\/p>\n\n\n\n<p style=\"font-size:15px\">Echange d&rsquo;informations locales entre les trois villages Chaucenne, Noironte, Audeux <br>Site : <a href=\"http:\/\/3villages.over-blog.com\/\">http:\/\/3villages.over-blog.com\/<\/a><br>Mail : <a rel=\"noreferrer noopener\" href=\"mailto:ape.les3villages@gmail.com\" target=\"_blank\">ape.les3villages@gmail.com<\/a><\/p>\n<\/div><\/div>\n\n\n\n<hr class=\"wp-block-separator\"\/>\n\n\n\n<div class=\"wp-block-media-text alignwide is-stacked-on-mobile\" style=\"grid-template-columns:28% auto\"><figure class=\"wp-block-media-text__media\"><img loading=\"lazy\" width=\"490\" height=\"490\" src=\"https:\/\/www.audeux.eu\/wp-content\/uploads\/2022\/08\/fete.jpg\" alt=\"\" class=\"wp-image-626 size-full\" srcset=\"https:\/\/www.audeux.eu\/wp-content\/uploads\/2022\/08\/fete.jpg 490w, https:\/\/www.audeux.eu\/wp-content\/uploads\/2022\/08\/fete-300x300.jpg 300w, https:\/\/www.audeux.eu\/wp-content\/uploads\/2022\/08\/fete-150x150.jpg 150w, https:\/\/www.audeux.eu\/wp-content\/uploads\/2022\/08\/fete-100x100.jpg 100w\" sizes=\"(max-width: 490px) 100vw, 490px\" \/><\/figure><div class=\"wp-block-media-text__content\">\n<p>Comit\u00e9 des F\u00eates<\/p>\n\n\n\n<p style=\"font-size:15px\">Objectif : Organise la f\u00eate et vie du village<br>7 Grande Rue 25170 Audeux<\/p>\n\n\n\n<p class=\"has-vivid-cyan-blue-color has-text-color\"><a href=\"https:\/\/www.audeux.eu\/index.php\/category\/actu\/associations\/anciens\/\">Tous les articles de cette association<\/a><\/p>\n<\/div><\/div>\n\n\n\n<hr class=\"wp-block-separator\"\/>\n\n\n\n<div class=\"wp-block-media-text alignwide is-stacked-on-mobile\" style=\"grid-template-columns:28% auto\"><figure class=\"wp-block-media-text__media\"><img loading=\"lazy\" width=\"300\" height=\"201\" src=\"https:\/\/www.audeux.eu\/wp-content\/uploads\/2022\/08\/anciens.jpg\" alt=\"\" class=\"wp-image-621 size-full\"\/><\/figure><div class=\"wp-block-media-text__content\">\n<p>Club des anciens Audeux-Noironte<\/p>\n\n\n\n<p style=\"font-size:15px\">Objectif : entretenir l\u2019amiti\u00e9 et l\u2019entraide entre les retrait\u00e9s des villages d\u2019Audeux-et-Noironte.<br>maison pour tous 25170&nbsp;Audeux<\/p>\n\n\n\n<p class=\"has-vivid-cyan-blue-color has-text-color\"><a href=\"https:\/\/www.audeux.eu\/index.php\/category\/actu\/associations\/anciens\/\">Tous les articles de cette association<\/a><\/p>\n<\/div><\/div>\n\n\n\n<hr class=\"wp-block-separator\"\/>\n\n\n\n<hr class=\"wp-block-separator\"\/>\n\n\n\n<div class=\"wp-block-media-text alignwide is-stacked-on-mobile\" style=\"grid-template-columns:28% auto\"><figure class=\"wp-block-media-text__media\"><img loading=\"lazy\" width=\"430\" height=\"429\" src=\"https:\/\/www.audeux.eu\/wp-content\/uploads\/2022\/08\/emica.jpg\" alt=\"\" class=\"wp-image-630 size-full\" srcset=\"https:\/\/www.audeux.eu\/wp-content\/uploads\/2022\/08\/emica.jpg 430w, https:\/\/www.audeux.eu\/wp-content\/uploads\/2022\/08\/emica-300x300.jpg 300w, https:\/\/www.audeux.eu\/wp-content\/uploads\/2022\/08\/emica-150x150.jpg 150w, https:\/\/www.audeux.eu\/wp-content\/uploads\/2022\/08\/emica-100x100.jpg 100w\" sizes=\"(max-width: 430px) 100vw, 430px\" \/><\/figure><div class=\"wp-block-media-text__content\">\n<p>Emica<\/p>\n\n\n\n<p style=\"font-size:15px\">Ecole de musique Instruments chant et animation<\/p>\n\n\n\n<p>Mairie Place Maurivard 25770 Franois<br>T\u00e9l\u00e9phone :<a href=\" tel:0381485389\"> 0381485389<\/a><\/p>\n\n\n\n<p class=\"has-vivid-cyan-blue-color has-text-color\"><a href=\"https:\/\/www.audeux.eu\/index.php\/category\/actu\/associations\/emica\/\">Tous les articles de cette association<\/a><\/p>\n<\/div><\/div>\n\n\n\n<hr class=\"wp-block-separator\"\/>\n\n\n\n<div class=\"wp-block-media-text alignwide is-stacked-on-mobile\" style=\"grid-template-columns:28% auto\"><figure class=\"wp-block-media-text__media\"><img loading=\"lazy\" width=\"225\" height=\"225\" src=\"https:\/\/www.audeux.eu\/wp-content\/uploads\/2020\/10\/football_pouilley-1.jpg\" alt=\"\" class=\"wp-image-298 size-full\" srcset=\"https:\/\/www.audeux.eu\/wp-content\/uploads\/2020\/10\/football_pouilley-1.jpg 225w, https:\/\/www.audeux.eu\/wp-content\/uploads\/2020\/10\/football_pouilley-1-150x150.jpg 150w, https:\/\/www.audeux.eu\/wp-content\/uploads\/2020\/10\/football_pouilley-1-100x100.jpg 100w\" sizes=\"(max-width: 225px) 100vw, 225px\" \/><\/figure><div class=\"wp-block-media-text__content\">\n<p>Foot AUDEUX PELOUSEY POUILLEY-LES-VIGNES<\/p>\n\n\n\n<p style=\"font-size:15px\">Contact Jeunes : Patrick (<a href=\"tel:0788708629\">0788708629<\/a>)<br>Contact Seniors : Thibaud (<a href=\"tel:0783357471\">0783357471<\/a>)<br>Contact Mail : <a href=\"mailto:afapplv@gmail.com\">afapplv@gmail.com<\/a><\/p>\n\n\n\n<p class=\"has-vivid-cyan-blue-color has-text-color\"><a href=\"https:\/\/www.audeux.eu\/index.php\/category\/actu\/associations\/afapplv\/\">Tous les articles de cette association<\/a><\/p>\n<\/div><\/div>\n\n\n\n<hr class=\"wp-block-separator\"\/>\n\n\n\n<div class=\"wp-block-media-text alignwide is-stacked-on-mobile\" style=\"grid-template-columns:28% auto\"><figure class=\"wp-block-media-text__media\"><img loading=\"lazy\" width=\"225\" height=\"225\" src=\"https:\/\/www.audeux.eu\/wp-content\/uploads\/2022\/08\/lpo.png\" alt=\"\" class=\"wp-image-636 size-full\" srcset=\"https:\/\/www.audeux.eu\/wp-content\/uploads\/2022\/08\/lpo.png 225w, https:\/\/www.audeux.eu\/wp-content\/uploads\/2022\/08\/lpo-150x150.png 150w, https:\/\/www.audeux.eu\/wp-content\/uploads\/2022\/08\/lpo-100x100.png 100w\" sizes=\"(max-width: 225px) 100vw, 225px\" \/><\/figure><div class=\"wp-block-media-text__content\">\n<p>LPO <\/p>\n\n\n\n<p style=\"font-size:15px\">Site : <a href=\"https:\/\/bourgogne-franche-comte.lpo.fr\/les-groupes-locaux\/\">https:\/\/bourgogne-franche-comte.lpo.fr\/les-groupes-locaux\/<\/a><br>Contact&nbsp;: &nbsp;<a href=\"mailto:groupe.lpo.audeux@free.fr\">groupe.lpo.audeux@free.fr<\/a><\/p>\n\n\n\n<p class=\"has-vivid-cyan-blue-color has-text-color\"><a href=\"https:\/\/www.audeux.eu\/index.php\/category\/actu\/associations\/lpo\/\">Tous les articles de cette association<\/a><\/p>\n<\/div><\/div>\n\n\n\n<hr class=\"wp-block-separator\"\/>\n\n\n\n<div class=\"wp-block-media-text alignwide is-stacked-on-mobile\" style=\"grid-template-columns:28% auto\"><figure class=\"wp-block-media-text__media\"><img loading=\"lazy\" width=\"900\" height=\"543\" src=\"https:\/\/www.audeux.eu\/wp-content\/uploads\/2022\/08\/peinture.jpeg\" alt=\"\" class=\"wp-image-627 size-full\" srcset=\"https:\/\/www.audeux.eu\/wp-content\/uploads\/2022\/08\/peinture.jpeg 900w, https:\/\/www.audeux.eu\/wp-content\/uploads\/2022\/08\/peinture-300x181.jpeg 300w, https:\/\/www.audeux.eu\/wp-content\/uploads\/2022\/08\/peinture-768x463.jpeg 768w\" sizes=\"(max-width: 706px) 89vw, (max-width: 767px) 82vw, 740px\" \/><\/figure><div class=\"wp-block-media-text__content\">\n<p>Peinture et art<\/p>\n\n\n\n<p style=\"font-size:15px\">Association de peinture et art <\/p>\n\n\n\n<p class=\"has-vivid-cyan-blue-color has-text-color\"><a href=\"https:\/\/www.audeux.eu\/index.php\/category\/actu\/associations\/peinture\/\">Tous les articles de cette association<\/a><\/p>\n<\/div><\/div>\n","protected":false},"excerpt":{"rendered":"<p>Liste des associations de la commune d&rsquo;Audeux APE les trois villages Echange d&rsquo;informations locales entre les trois villages Chaucenne, Noironte, Audeux Site : http:\/\/3villages.over-blog.com\/Mail : ape.les3villages@gmail.com Comit\u00e9 des F\u00eates Objectif : Organise la f\u00eate et vie du village7 Grande Rue 25170 Audeux Tous les articles de cette association Club des anciens Audeux-Noironte Objectif : entretenir &hellip; <\/p>\n<p class=\"link-more\"><a href=\"https:\/\/www.audeux.eu\/index.php\/associations\/\" class=\"more-link\">Continuer la lecture<span class=\"screen-reader-text\"> de &laquo;&nbsp;Associations&nbsp;&raquo;<\/span><\/a><\/p>\n","protected":false},"author":4,"featured_media":0,"parent":0,"menu_order":0,"comment_status":"closed","ping_status":"closed","template":"","meta":[],"folder":[],"_links":{"self":[{"href":"https:\/\/www.audeux.eu\/index.php\/wp-json\/wp\/v2\/pages\/615"}],"collection":[{"href":"https:\/\/www.audeux.eu\/index.php\/wp-json\/wp\/v2\/pages"}],"about":[{"href":"https:\/\/www.audeux.eu\/index.php\/wp-json\/wp\/v2\/types\/page"}],"author":[{"embeddable":true,"href":"https:\/\/www.audeux.eu\/index.php\/wp-json\/wp\/v2\/users\/4"}],"replies":[{"embeddable":true,"href":"https:\/\/www.audeux.eu\/index.php\/wp-json\/wp\/v2\/comments?post=615"}],"version-history":[{"count":15,"href":"https:\/\/www.audeux.eu\/index.php\/wp-json\/wp\/v2\/pages\/615\/revisions"}],"predecessor-version":[{"id":1124,"href":"https:\/\/www.audeux.eu\/index.php\/wp-json\/wp\/v2\/pages\/615\/revisions\/1124"}],"wp:attachment":[{"href":"https:\/\/www.audeux.eu\/index.php\/wp-json\/wp\/v2\/media?parent=615"}],"wp:term":[{"taxonomy":"folder","embeddable":true,"href":"https:\/\/www.audeux.eu\/index.php\/wp-json\/wp\/v2\/folder?post=615"}],"curies":[{"name":"wp","href":"https:\/\/api.w.org\/{rel}","templated":true}]}}